{"id":62,"date":"2023-11-11T12:14:35","date_gmt":"2023-11-11T11:14:35","guid":{"rendered":"https:\/\/100jahremvr.de\/?page_id=62"},"modified":"2024-05-27T05:50:25","modified_gmt":"2024-05-27T04:50:25","slug":"samstag-1-juni","status":"publish","type":"page","link":"https:\/\/100jahremvr.de\/?page_id=62","title":{"rendered":"Samstag, 1. Juni"},"content":{"rendered":"\n<h2 class=\"wp-block-heading\">16 Uhr | Bier um Vier<\/h2>\n\n\n\n<p>&#8230;oder Viere-Bier. Nach der samst\u00e4glichen Arbeit, ganz in schw\u00e4bischer Manier, wird um Viere der Feierabend eingel\u00e4utet.<\/p>\n\n\n\n<h2 class=\"wp-block-heading\">17 Uhr | Festumzug mit anschlie\u00dfendem Stimmungsabend<\/h2>\n\n\n\n<div class=\"wp-block-columns is-layout-flex wp-container-core-columns-is-layout-1 wp-block-columns-is-layout-flex\">\n<div class=\"wp-block-column is-layout-flow wp-block-column-is-layout-flow\" style=\"flex-basis:33.33%\">\n<figure class=\"wp-block-gallery has-nested-images columns-default is-cropped wp-block-gallery-1 is-layout-flex wp-block-gallery-is-layout-flex\">\n<figure class=\"wp-block-image size-large\"><a href=\"https:\/\/100jahremvr.de\/wp-content\/uploads\/2024\/05\/Umzug.jpg\"><img loading=\"lazy\" decoding=\"async\" width=\"724\" height=\"1024\" src=\"https:\/\/100jahremvr.de\/wp-content\/uploads\/2024\/05\/Umzug-724x1024.jpg\" alt=\"\" class=\"wp-image-103\" srcset=\"https:\/\/100jahremvr.de\/wp-content\/uploads\/2024\/05\/Umzug-724x1024.jpg 724w, https:\/\/100jahremvr.de\/wp-content\/uploads\/2024\/05\/Umzug-212x300.jpg 212w, https:\/\/100jahremvr.de\/wp-content\/uploads\/2024\/05\/Umzug-768x1086.jpg 768w, https:\/\/100jahremvr.de\/wp-content\/uploads\/2024\/05\/Umzug-1087x1536.jpg 1087w, https:\/\/100jahremvr.de\/wp-content\/uploads\/2024\/05\/Umzug.jpg 1415w\" sizes=\"(max-width: 724px) 100vw, 724px\" \/><\/a><\/figure>\n<\/figure>\n<\/div>\n\n\n\n<div class=\"wp-block-column is-layout-flow wp-block-column-is-layout-flow\" style=\"flex-basis:66.66%\">\n<p>Hier haben wir f\u00fcr euch noch einen Umzugs- und Parkplatzplan. Zum Verg\u00f6\u00dfern einfach auf das Bild klicken.<\/p>\n\n\n\n<p>Nach dem Umzug unterhalten uns die Musikvereine Frankenhofen, Sch\u00f6neb\u00fcrg und Ringschnait.<\/p>\n<\/div>\n<\/div>\n","protected":false},"excerpt":{"rendered":"<p>16 Uhr | Bier um Vier &#8230;oder Viere-Bier. Nach der samst\u00e4glichen Arbeit, ganz in schw\u00e4bischer Manier, wird um Viere der Feierabend eingel\u00e4utet. 17 Uhr | Festumzug mit anschlie\u00dfendem Stimmungsabend Hier haben wir f\u00fcr euch noch einen Umzugs- und Parkplatzplan. Zum Verg\u00f6\u00dfern einfach auf das Bild klicken. Nach dem Umzug unterhalten uns die Musikvereine Frankenhofen, Sch\u00f6neb\u00fcrg &hellip; <\/p>\n<p class=\"link-more\"><a href=\"https:\/\/100jahremvr.de\/?page_id=62\" class=\"more-link\"><span class=\"screen-reader-text\">\u201eSamstag, 1. Juni\u201c<\/span> weiterlesen<\/a><\/p>\n","protected":false},"author":1,"featured_media":92,"parent":0,"menu_order":0,"comment_status":"closed","ping_status":"closed","template":"","meta":{"footnotes":""},"_links":{"self":[{"href":"https:\/\/100jahremvr.de\/index.php?rest_route=\/wp\/v2\/pages\/62"}],"collection":[{"href":"https:\/\/100jahremvr.de\/index.php?rest_route=\/wp\/v2\/pages"}],"about":[{"href":"https:\/\/100jahremvr.de\/index.php?rest_route=\/wp\/v2\/types\/page"}],"author":[{"embeddable":true,"href":"https:\/\/100jahremvr.de\/index.php?rest_route=\/wp\/v2\/users\/1"}],"replies":[{"embeddable":true,"href":"https:\/\/100jahremvr.de\/index.php?rest_route=%2Fwp%2Fv2%2Fcomments&post=62"}],"version-history":[{"count":6,"href":"https:\/\/100jahremvr.de\/index.php?rest_route=\/wp\/v2\/pages\/62\/revisions"}],"predecessor-version":[{"id":105,"href":"https:\/\/100jahremvr.de\/index.php?rest_route=\/wp\/v2\/pages\/62\/revisions\/105"}],"wp:featuredmedia":[{"embeddable":true,"href":"https:\/\/100jahremvr.de\/index.php?rest_route=\/wp\/v2\/media\/92"}],"wp:attachment":[{"href":"https:\/\/100jahremvr.de\/index.php?rest_route=%2Fwp%2Fv2%2Fmedia&parent=62"}],"curies":[{"name":"wp","href":"https:\/\/api.w.org\/{rel}","templated":true}]}}