{"id":61,"date":"2023-11-11T12:14:35","date_gmt":"2023-11-11T11:14:35","guid":{"rendered":"https:\/\/100jahremvr.de\/?page_id=61"},"modified":"2024-04-06T07:10:33","modified_gmt":"2024-04-06T06:10:33","slug":"freitag-31-mai","status":"publish","type":"page","link":"https:\/\/100jahremvr.de\/?page_id=61","title":{"rendered":"Freitag, 31. Mai"},"content":{"rendered":"\n<h2 class=\"wp-block-heading\">21 Uhr | Nacht in Tracht mit der Partyband ILLERTALER<\/h2>\n\n\n\n<p>Die elf Musiker haben \u201eBock auf Party\u201c und sorgen mit individuell arrangierter und zu 100% live gespielter Musik f\u00fcr ultimative Partystimmung. Ihre geballte Partypower \u00fcbertr\u00e4gt sich sofort auf das Publikum. So finden sich in ihrem Programm s\u00e4mtliche Partyhits, Schlager, Klassiker der Rock- und Popgeschichte und aktuellste Chart-Hits. \u00dcberzeuget euch selbst und feiert mit den ILLERTALERN eine ausgelassene Bierzeltparty!<\/p>\n\n\n\n<p>Einlass ab 19:30 Uhr<\/p>\n\n\n\n<p>Eintritt 10,- \u20ac (U18: 8,- \u20ac)<br>Tischreservierung inkl. 8 Eintrittskarten f\u00fcr 75,- \u20ac per Mail an <a href=\"mailto:tickets@100jahremvr.de\">tickets@100jahremvr.de<\/a><\/p>\n","protected":false},"excerpt":{"rendered":"<p>21 Uhr | Nacht in Tracht mit der Partyband ILLERTALER Die elf Musiker haben \u201eBock auf Party\u201c und sorgen mit individuell arrangierter und zu 100% live gespielter Musik f\u00fcr ultimative Partystimmung. Ihre geballte Partypower \u00fcbertr\u00e4gt sich sofort auf das Publikum. So finden sich in ihrem Programm s\u00e4mtliche Partyhits, Schlager, Klassiker der Rock- und Popgeschichte und &hellip; <\/p>\n<p class=\"link-more\"><a href=\"https:\/\/100jahremvr.de\/?page_id=61\" class=\"more-link\"><span class=\"screen-reader-text\">\u201eFreitag, 31. Mai\u201c<\/span> weiterlesen<\/a><\/p>\n","protected":false},"author":1,"featured_media":68,"parent":0,"menu_order":0,"comment_status":"closed","ping_status":"closed","template":"","meta":{"footnotes":""},"_links":{"self":[{"href":"https:\/\/100jahremvr.de\/index.php?rest_route=\/wp\/v2\/pages\/61"}],"collection":[{"href":"https:\/\/100jahremvr.de\/index.php?rest_route=\/wp\/v2\/pages"}],"about":[{"href":"https:\/\/100jahremvr.de\/index.php?rest_route=\/wp\/v2\/types\/page"}],"author":[{"embeddable":true,"href":"https:\/\/100jahremvr.de\/index.php?rest_route=\/wp\/v2\/users\/1"}],"replies":[{"embeddable":true,"href":"https:\/\/100jahremvr.de\/index.php?rest_route=%2Fwp%2Fv2%2Fcomments&post=61"}],"version-history":[{"count":5,"href":"https:\/\/100jahremvr.de\/index.php?rest_route=\/wp\/v2\/pages\/61\/revisions"}],"predecessor-version":[{"id":100,"href":"https:\/\/100jahremvr.de\/index.php?rest_route=\/wp\/v2\/pages\/61\/revisions\/100"}],"wp:featuredmedia":[{"embeddable":true,"href":"https:\/\/100jahremvr.de\/index.php?rest_route=\/wp\/v2\/media\/68"}],"wp:attachment":[{"href":"https:\/\/100jahremvr.de\/index.php?rest_route=%2Fwp%2Fv2%2Fmedia&parent=61"}],"curies":[{"name":"wp","href":"https:\/\/api.w.org\/{rel}","templated":true}]}}